{"id":2150,"date":"2025-10-18T20:19:44","date_gmt":"2025-10-18T18:19:44","guid":{"rendered":"https:\/\/sdg2033.bereishit.de\/vizioni-dhe-misioni\/"},"modified":"2026-04-08T22:05:51","modified_gmt":"2026-04-08T20:05:51","slug":"vizioni-dhe-misioni","status":"publish","type":"page","link":"https:\/\/sdg2033.bereishit.de\/sq\/vizioni-dhe-misioni\/","title":{"rendered":"Vizioni dhe Misioni"},"content":{"rendered":"\n<div class=\"et_pb_section_0 et_pb_section et_section_regular et_block_section\" id=\"vizion\"><div class=\"et_pb_row_0 et_pb_row et_pb_equal_columns et_pb_gutters1 et_block_row\"><div class=\"et_pb_column_0 et_pb_column et_pb_column_2_5 et_block_column et_pb_css_mix_blend_mode_passthrough\"><div class=\"et_pb_image_0 et_pb_image et_animated et_pb_module et_block_module\"><span class=\"et_pb_image_wrap\"><img loading=\"lazy\" decoding=\"async\" src=\"https:\/\/sdg2033.bereishit.de\/wp-content\/uploads\/2025\/10\/sdg_heart_sp.jpg\" width=\"1024\" height=\"1264\" srcset=\"https:\/\/sdg2033.bereishit.de\/wp-content\/uploads\/2025\/10\/sdg_heart_sp.jpg 1024w, https:\/\/sdg2033.bereishit.de\/wp-content\/uploads\/2025\/10\/sdg_heart_sp-980x1210.jpg 980w, https:\/\/sdg2033.bereishit.de\/wp-content\/uploads\/2025\/10\/sdg_heart_sp-480x593.jpg 480w\" sizes=\"(min-width: 0px) and (max-width: 480px) 480px, (min-width: 481px) and (max-width: 980px) 980px, (min-width: 981px) 1024px, 100vw\" class=\"wp-image-382\" title=\"Soli Deo Gloria 2033\" alt=\"Soli Deo Gloria 2033\" \/><\/span><\/div><\/div><div class=\"et_pb_column_1 et_pb_column et_pb_column_3_5 et-last-child et_block_column et_pb_css_mix_blend_mode_passthrough vertikal-zentrieren\"><div class=\"et_pb_text_0 et_pb_text et_pb_bg_layout_light et_animated et_pb_module et_block_module et_pb_text_align_center preset--module--divi-text--default\"><div class=\"et_pb_text_inner\"><h1>Vizioni dhe Misioni<\/h1>\n<\/div><\/div><div class=\"et_pb_text_1 et_pb_text et_pb_bg_layout_light et_animated et_pb_module et_block_module et_pb_text_align_center preset--module--divi-text--default\"><div class=\"et_pb_text_inner\"><h2>Soli Deo Gloria 2033<\/h2>\n<\/div><\/div><\/div><\/div><\/div><div class=\"et_pb_section_1 et_pb_section et_section_regular et_block_section\"><div class=\"et_pb_row_1 et_pb_row et_block_row\"><div class=\"et_pb_column_2 et_pb_column et_pb_column_4_4 et-last-child et_block_column et_pb_css_mix_blend_mode_passthrough\"><div class=\"et_pb_text_2 et_pb_text et_pb_bg_layout_light et_animated et_pb_module et_block_module et_pb_text_align_center preset--module--divi-text--default\"><div class=\"et_pb_text_inner\"><h2>Vizioni dhe Misioni<\/h2>\n<\/div><\/div><div class=\"et_pb_text_3 et_pb_text et_pb_bg_layout_light et_animated et_pb_module et_block_module et_pb_text_align_center preset--module--divi-text--default\"><div class=\"et_pb_text_inner\"><p><strong>\"Soli Deo Gloria 2033\" synon t\u00eb frym\u00ebzoj\u00eb, mobilizoj\u00eb, lidh\u00eb, fuqizoj\u00eb dhe rris\u00eb nd\u00ebrgjegj\u00ebsimin p\u00ebr festimet me r\u00ebnd\u00ebsi kulturore t\u00eb p\u00ebrvjetorit t\u00eb 2000-t\u00eb t\u00eb ringjalljes s\u00eb Jezusit n\u00eb vitin 2033, p\u00ebr lavdi t\u00eb Per\u00ebndis\u00eb.<\/strong><\/p>\n<\/div><\/div><\/div><\/div><div class=\"et_pb_row_2 et_pb_row et_block_row\" id=\"goals\"><div class=\"et_pb_column_3 et_pb_column et_pb_column_4_4 et-last-child et_block_column et_pb_css_mix_blend_mode_passthrough\"><div class=\"et_pb_text_4 et_pb_text et_pb_bg_layout_light et_animated et_pb_module et_block_module et_pb_text_align_center preset--module--divi-text--default\"><div class=\"et_pb_text_inner\"><h2>Q\u00ebllimet dhe vlerat<\/h2>\n<\/div><\/div><div class=\"et_pb_text_5 et_pb_text et_pb_bg_layout_light et_animated et_pb_module et_block_module et_pb_text_align_center preset--module--divi-text--default\"><div class=\"et_pb_text_inner\"><p>Duke festuar 2000-vjetorin e ringjalljes s\u00eb Jezusit p\u00ebr lavdin\u00eb e Per\u00ebndis\u00eb<\/p>\n<p>Unitet mbar\u00ebbot\u00ebror midis t\u00eb krishter\u00ebve pavar\u00ebsisht dallimeve teologjike<\/p>\n<p>Duke e b\u00ebr\u00eb t\u00eb duksh\u00ebm trupin besimtar t\u00eb Krishtit si d\u00ebshmitar p\u00ebr bot\u00ebn<\/p>\n<\/div><\/div><\/div><\/div><div class=\"et_pb_row_3 et_pb_row et_block_row\" id=\"base\"><div class=\"et_pb_column_4 et_pb_column et_pb_column_4_4 et-last-child et_block_column et_pb_css_mix_blend_mode_passthrough\"><div class=\"et_pb_text_6 et_pb_text et_pb_bg_layout_light et_animated et_pb_module et_block_module et_pb_text_align_center preset--module--divi-text--default\"><div class=\"et_pb_text_inner\"><h2>B\u00ebrthama shpirt\u00ebrore<\/h2>\n<\/div><\/div><div class=\"et_pb_text_7 et_pb_text et_pb_bg_layout_light et_animated et_pb_module et_block_module et_pb_text_align_center preset--module--divi-text--default\"><div class=\"et_pb_text_inner\"><p>N\u00ebse rr\u00ebfen me goj\u00ebn t\u00ebnde se Jezusi \u00ebsht\u00eb Zot dhe beson n\u00eb zemr\u00ebn t\u00ebnde se Per\u00ebndia e ringjalli at\u00eb prej s\u00eb vdekurish, do t\u00eb shp\u00ebtohesh.<\/p>\n<h4>Romak\u00ebve 10:9<\/h4>\n<\/div><\/div><div class=\"et_pb_text_8 et_pb_text et_pb_bg_layout_light et_animated et_pb_module et_block_module et_pb_text_align_center preset--module--divi-text--default\"><div class=\"et_pb_text_inner\"><p>...q\u00eb bota t\u00eb dij\u00eb se ti m\u00eb d\u00ebrgove dhe se i do ata ashtu si\u00e7 m\u00eb do mua.<\/p>\n<h4>Gjoni 17:23b<\/h4>\n<\/div><\/div><\/div><\/div><div class=\"et_pb_row_4 et_pb_row et_block_row\" id=\"significance\"><div class=\"et_pb_column_5 et_pb_column et_pb_column_4_4 et-last-child et_block_column et_pb_css_mix_blend_mode_passthrough\"><div class=\"et_pb_text_9 et_pb_text et_pb_bg_layout_light et_animated et_pb_module et_block_module et_pb_text_align_center preset--module--divi-text--default\"><div class=\"et_pb_text_inner\"><h2>p\u00ebrvjetori 2033<\/h2>\n<h3>2000 vjet q\u00eb nga ringjallja<\/h3>\n<\/div><\/div><div class=\"et_pb_text_10 et_pb_text et_pb_bg_layout_light et_animated et_pb_module et_block_module et_pb_text_align_center preset--module--divi-text--default\"><div class=\"et_pb_text_inner\"><p>Ne e shohim ringjalljen fizike t\u00eb Jezu Krishtit si ngjarjen m\u00eb dometh\u00ebn\u00ebse n\u00eb t\u00eb gjith\u00eb historin\u00eb bot\u00ebrore. Per\u00ebndia e mposhti vdekjen dhe n\u00eb k\u00ebt\u00eb m\u00ebnyr\u00eb konfirmoi vlefshm\u00ebrin\u00eb e vdekjes shlyese t\u00eb Jezusit p\u00ebr p\u00ebrjet\u00ebsi. Kjo konfirmoi profecit\u00eb shekullore dhe, pas ngjitjes s\u00eb Jezusit, kisha mbar\u00ebbot\u00ebrore e Jezusit u themelua n\u00ebp\u00ebrmjet d\u00ebrgimit t\u00eb Frym\u00ebs s\u00eb Shenjt\u00eb n\u00eb Pentekost, e cila vazhdon t\u00eb p\u00ebrhapet n\u00eb t\u00eb gjith\u00eb bot\u00ebn deri m\u00eb sot. Kjo kish\u00eb \u00ebsht\u00eb trupi i Jezusit, i cili e nderon At\u00eb si kok\u00ebn e saj dhe feston n\u00eb unitet.<br \/> Mbi nj\u00eb miliard njer\u00ebz n\u00eb mbar\u00eb bot\u00ebn besojn\u00eb se Jezusi \u00ebsht\u00eb Zot i t\u00eb gjith\u00ebve dhe se Ai u ringjall nga t\u00eb vdekurit - sipas Romak\u00ebve 10:9, ata jan\u00eb besimtar\u00eb q\u00eb jan\u00eb shp\u00ebtuar p\u00ebr p\u00ebrjet\u00ebsi. Si rezultat, pavar\u00ebsisht t\u00eb gjitha dallimeve n\u00eb shprehjen konkrete t\u00eb besimit t\u00eb tyre, ata jan\u00eb t\u00eb bashkuar si trupi i Jezu Krishtit, i cili \u00ebsht\u00eb kreu i t\u00eb gjith\u00ebve.    <\/p>\n<\/div><\/div><\/div><\/div><div class=\"et_pb_row_5 et_pb_row et_block_row\" id=\"name\"><div class=\"et_pb_column_6 et_pb_column et_pb_column_4_4 et-last-child et_block_column et_pb_css_mix_blend_mode_passthrough\"><div class=\"et_pb_text_11 et_pb_text et_pb_bg_layout_light et_animated et_pb_module et_block_module et_pb_text_align_center preset--module--divi-text--default\"><div class=\"et_pb_text_inner\"><h2>Emri<\/h2>\n<\/div><\/div><div class=\"et_pb_text_12 et_pb_text et_pb_bg_layout_light et_animated et_pb_module et_block_module et_pb_text_align_center preset--module--divi-text--default\"><div class=\"et_pb_text_inner\"><h3>'Soli Deo Gloria' do t\u00eb thot\u00eb 'Lavdi vet\u00ebm Zotit'<\/h3>\n<\/div><\/div><div class=\"et_pb_text_13 et_pb_text et_pb_bg_layout_light et_animated et_pb_module et_block_module et_pb_text_align_center preset--module--divi-text--default\"><div class=\"et_pb_text_inner\"><p>Vet\u00ebm Zoti meriton nderim dhe adhurim \u2013 ve\u00e7an\u00ebrisht n\u00eb p\u00ebrvjetorin e Ringjalljes. B\u00ebhet fjal\u00eb vet\u00ebm p\u00ebr lavdin\u00eb e Zotit, jo p\u00ebr organizatat apo njer\u00ebzit. <\/p>\n<p>'Soli Deo Gloria' \u00ebsht\u00eb latinishtja \u2013 nj\u00eb gjuh\u00eb q\u00eb bashkoi t\u00eb krishter\u00ebt e par\u00eb n\u00eb Perandorin\u00eb Romake, e krahasueshme me anglishten e sotme.<br \/> Iniciativa jon\u00eb nuk p\u00ebrqendrohet te gjuha dhe kultura jon\u00eb. E shprehim k\u00ebt\u00eb me faktin se emri yn\u00eb nuk rrjedh nga asnj\u00eb prej gjuh\u00ebve q\u00eb fliten sot. P\u00ebrkundrazi, \u00e7do fest\u00eb duhet t\u00eb jet\u00eb kuptimplote n\u00eb kontekstin e vet kulturor - duke krijuar k\u00ebshtu nj\u00eb buqet\u00eb t\u00eb bukur me lule p\u00ebr Zotin ton\u00eb.  <\/p>\n<p>Edhe emri i iniciativ\u00ebs nuk \u00ebsht\u00eb i r\u00ebnd\u00ebsish\u00ebm - ai madje mund t\u00eb ndryshohet me kalimin e koh\u00ebs n\u00ebse kjo duket e p\u00ebrshtatshme.<\/p>\n<\/div><\/div><\/div><\/div><div class=\"et_pb_row_6 et_pb_row et_block_row\" id=\"origin\"><div class=\"et_pb_column_7 et_pb_column et_pb_column_4_4 et-last-child et_block_column et_pb_css_mix_blend_mode_passthrough\"><div class=\"et_pb_text_14 et_pb_text et_pb_bg_layout_light et_animated et_pb_module et_block_module et_pb_text_align_center preset--module--divi-text--default\"><div class=\"et_pb_text_inner\"><h2>Origjina<\/h2>\n<\/div><\/div><div class=\"et_pb_text_15 et_pb_text et_pb_bg_layout_light et_animated et_pb_module et_block_module et_pb_text_align_center preset--module--divi-text--default\"><div class=\"et_pb_text_inner\"><p>N\u00eb vitin 2010, Dr. Andreas Bartels pati vizionin p\u00ebr t\u00eb festuar 2000-vjetorin e ringjalljes s\u00eb Jezusit n\u00eb nivel global, por ai ndjeu se Zoti po i k\u00ebrkonte t\u00eb priste deri 10 vjet para se t\u00eb fillonte ngjarja. K\u00ebshtu q\u00eb ai planifikoi dhe mendoi vet\u00ebm fshehurazi dhe priti deri n\u00eb vitin 2023, kur ai dhe gruaja e tij Elisabeth b\u00ebn\u00eb kontaktet e tyre t\u00eb para joformale me WEA-n\u00eb. N\u00eb vitin 2024, Dr. Detlef Bl\u00f6cher nga DMGint u bashkua si k\u00ebshilltar. N\u00eb vitin 2024, n\u00ebp\u00ebrmjet udh\u00ebzimit t\u00eb Zotit gjat\u00eb konferenc\u00ebs vjetore t\u00eb Aleanc\u00ebs Ungjillore Gjermane, Jochen Bubeck dhe Frank Bossert iu bashkuan grupit drejtues, si dhe m\u00eb von\u00eb Dieter Trefz (Kontaktmission). U mbajt\u00ebn takime fillestare, duke p\u00ebrfshir\u00eb stafin e OpenDoors dhe u zhvilluan takime me Olivier Fleury nga JC2033, i cili gjithashtu po punon n\u00eb at\u00eb fush\u00eb.    <\/p>\n<\/div><\/div><\/div><\/div><div class=\"et_pb_row_7 et_pb_row et_block_row\" id=\"faq\"><div class=\"et_pb_column_8 et_pb_column et_pb_column_4_4 et-last-child et_block_column et_pb_css_mix_blend_mode_passthrough\"><div class=\"et_pb_text_16 et_pb_text et_pb_bg_layout_light et_animated et_pb_module et_block_module et_pb_text_align_center preset--module--divi-text--default\"><div class=\"et_pb_text_inner\"><h2>Pyetje t\u00eb shpeshta<\/h2>\n<\/div><\/div><div class=\"et_pb_accordion_0 et_pb_accordion et_pb_module et_block_module\"><div class=\"et_pb_accordion_item_0 et_pb_accordion_item et_pb_toggle et_pb_module et_pb_toggle_open et_block_module\"><h5 class=\"et_pb_toggle_title\">kukull<\/h5><\/div><div class=\"et_pb_accordion_item_1 et_pb_accordion_item et_pb_toggle et_pb_module et_pb_toggle_close et_block_module\"><h5 class=\"et_pb_toggle_title\">Pse po festojm\u00eb n\u00eb vitin 2033?<\/h5><div class=\"et_pb_toggle_content\"><p>Shumica e t\u00eb krishter\u00ebve besojn\u00eb se n\u00eb vitin 2033 do t\u00eb mbushen 2000 vjet q\u00eb nga ringjallja e Jezu Krishtit si ngjarja m\u00eb e r\u00ebnd\u00ebsishme n\u00eb historin\u00eb bot\u00ebrore. Nuk duam t\u00eb diskutojm\u00eb p\u00ebr dat\u00ebn e sakt\u00eb, por ftojm\u00eb \u00e7do besimtar t\u00eb festoj\u00eb dhe t'ia tregoj\u00eb bot\u00ebs k\u00ebt\u00eb ngjarje, duke i dh\u00ebn\u00eb Zotit gjith\u00eb Lavdin\u00eb q\u00eb ai meriton. <\/p>\n<\/div><\/div><div class=\"et_pb_accordion_item_2 et_pb_accordion_item et_pb_toggle et_pb_module et_pb_toggle_close et_block_module\"><h5 class=\"et_pb_toggle_title\">Fest\u00eb globale apo festime globale?<\/h5><div class=\"et_pb_toggle_content\"><p>Shpesh na pyesin se ku do t\u00eb zhvillohet festimi. P\u00ebrgjigja \u00ebsht\u00eb: n\u00eb t\u00eb gjith\u00eb bot\u00ebn, sepse do t\u00eb ket\u00eb shum\u00eb festime t\u00eb vogla dhe t\u00eb m\u00ebdha. <\/p>\n<p>Meqen\u00ebse t\u00eb gjitha k\u00ebto festime jan\u00eb t\u00eb bashkuara n\u00eb Krishtin dhe shum\u00eb prej tyre jan\u00eb t\u00eb regjistruara n\u00eb faqen e internetit t\u00eb festimeve, shuma e t\u00eb gjitha k\u00ebtyre festimeve mund t\u00eb quhet edhe nj\u00eb 'festim global'.<\/p>\n<\/div><\/div><div class=\"et_pb_accordion_item_3 et_pb_accordion_item et_pb_toggle et_pb_module et_pb_toggle_close et_block_module\"><h5 class=\"et_pb_toggle_title\">A mund t\u00eb festoj n\u00eb vitin 2030?<\/h5><div class=\"et_pb_toggle_content\"><p>Po, disa grupe po zgjedhin gjithashtu vitin 2030 - t\u00eb gjith\u00eb jan\u00eb t\u00eb mir\u00ebpritur t\u00eb jen\u00eb t\u00eb duksh\u00ebm p\u00ebr bot\u00ebn.<\/p>\n<p>Vet\u00ebm Romak\u00ebve 10:9 \u00ebsht\u00eb i r\u00ebnd\u00ebsish\u00ebm. Kushdo q\u00eb e rr\u00ebfen Jezusin si Zot dhe beson n\u00eb ringjalljen e tij \u00ebsht\u00eb i mir\u00ebpritur t\u00eb regjistrohet. Ekziston gjithashtu mund\u00ebsia p\u00ebr t\u00eb futur dat\u00ebn e festimit, p\u00ebr t\u00eb treguar se kur do t\u00eb festoni.  <\/p>\n<p>N\u00eb vitet 2030 dhe 2033, t\u00eb krishter\u00ebt n\u00eb mbar\u00eb bot\u00ebn do t\u00eb p\u00ebrkujtojn\u00eb 2000 vjet q\u00eb nga ringjallja e Jezu Krishtit. Disa tradita llogariten nga viti 30, t\u00eb tjera nga viti 33. K\u00ebto perspektiva t\u00eb ndryshme nuk duhet t\u00eb na ndajn\u00eb, por na kujtojn\u00eb se fokusi nuk \u00ebsht\u00eb te data, por te vet\u00eb Zoti i gjall\u00eb.  <\/p>\n<\/div><\/div><div class=\"et_pb_accordion_item_4 et_pb_accordion_item et_pb_toggle et_pb_module et_pb_toggle_close et_block_module\"><h5 class=\"et_pb_toggle_title\">A mund ta festoj Pentekostin n\u00eb vend t\u00eb Pashk\u00ebve?<\/h5><div class=\"et_pb_toggle_content\"><p>Jeni t\u00eb mir\u00ebpritur t\u00eb p\u00ebrqendroheni m\u00eb shum\u00eb te Pentekosti. N\u00ebse besoni n\u00eb ringjalljen fizike dhe e shpallni Jezusin si Zot, ju lutemi bashkohuni dhe regjistroni festimin tuaj n\u00eb hart\u00eb. <\/p>\n<\/div><\/div><div class=\"et_pb_accordion_item_5 et_pb_accordion_item et_pb_toggle et_pb_module et_pb_toggle_close et_block_module\"><h5 class=\"et_pb_toggle_title\">Pse t\u00eb regjistroheni sot p\u00ebr hart\u00ebn e bot\u00ebs?<\/h5><div class=\"et_pb_toggle_content\"><p>Nuk ke nevoj\u00eb ta planifikosh fest\u00ebn t\u00ebnde sot. Por regjistro t\u00eb pakt\u00ebn <g id=\"gid_0\">qytetin<\/g> dhe nj\u00eb <g id=\"gid_1\">num\u00ebr t\u00eb p\u00ebraf\u00ebrt<\/g> besimtar\u00ebsh t\u00eb fest\u00ebs t\u00ebnde sot! Pse?<br \/> 1. P\u00ebr ta b\u00ebr\u00eb <strong>trupin global t\u00eb Krishtit t\u00eb duksh\u00ebm p\u00ebr bot\u00ebn<\/strong> , le t\u00eb shohin vite para ngjarjes se sa besimtar\u00eb ka n\u00eb t\u00eb gjith\u00eb bot\u00ebn.<br \/> 2. <strong>Krijimi i rrjeteve lokale<\/strong> mund t\u00eb filloj\u00eb sot, kur ju jeni t\u00eb duksh\u00ebm p\u00ebr k\u00ebrkuesit dhe t\u00eb krishter\u00ebt p\u00ebrreth jush - dhe shihni se ku jan\u00eb t\u00eb tjer\u00ebt.  <\/p>\n<\/div><\/div><div class=\"et_pb_accordion_item_6 et_pb_accordion_item et_pb_toggle et_pb_module et_pb_toggle_close et_block_module\"><h5 class=\"et_pb_toggle_title\">Kush duhet t\u00eb regjistrohet n\u00eb hart\u00eb?<\/h5><div class=\"et_pb_toggle_content\"><p>Besimtar\u00ebt individual\u00eb ose familjet mund t\u00eb regjistrohen, si dhe kishat ose organizatat q\u00eb planifikojn\u00eb ngjarje t\u00eb vogla ose t\u00eb m\u00ebdha. Jezusi na sheh t\u00eb gjith\u00ebve, por le t\u00eb na shoh\u00eb edhe bota. <\/p>\n<\/div><\/div><div class=\"et_pb_accordion_item_7 et_pb_accordion_item et_pb_toggle et_pb_module et_pb_toggle_close et_block_module\"><h5 class=\"et_pb_toggle_title\">A mund t\u00eb q\u00ebndroj anonim?<\/h5><div class=\"et_pb_toggle_content\"><p>Po - n\u00ebse nuk klikoni te \"ngjarje publike\", t\u00eb dh\u00ebnat tuaja nuk do t\u00eb jen\u00eb publike, por prap\u00ebseprap\u00eb ju llogariteni si besimtar\u00eb. N\u00ebse doni vet\u00ebm t\u00eb festoni privatisht ose n\u00ebse ndiheni ose jeni t\u00eb persekutuar, kjo do t\u00eb merret seriozisht. <\/p>\n<\/div><\/div><div class=\"et_pb_accordion_item_8 et_pb_accordion_item et_pb_toggle et_pb_module et_pb_toggle_close et_block_module\"><h5 class=\"et_pb_toggle_title\">Un\u00eb nuk besoj n\u00eb Jezusin si Zot t\u00eb ringjallur - a mund t\u00eb regjistrohem n\u00eb hart\u00eb?<\/h5><div class=\"et_pb_toggle_content\"><p>N\u00ebse nuk besoni se Jezusi \u00ebsht\u00eb ringjallur fizikisht nga t\u00eb vdekurit dhe n\u00ebse nuk e shpallni at\u00eb si Zotin tuaj, mund t\u00eb festoni Pashk\u00ebt si fest\u00eb tradicionale, por ju lutem mos e regjistroni k\u00ebt\u00eb n\u00eb hart\u00eb.<br \/> PS Ju lutem lexoni Bibl\u00ebn dhe bisedoni me ndjek\u00ebsit e Jezusit. Ndoshta - kjo do ta ndryshoj\u00eb jet\u00ebn tuaj - madje edhe p\u00ebrjet\u00ebsisht. <\/p>\n<\/div><\/div><div class=\"et_pb_accordion_item_9 et_pb_accordion_item et_pb_toggle et_pb_module et_pb_toggle_close et_block_module\"><h5 class=\"et_pb_toggle_title\">A i p\u00ebrket Soli Deo Gloria 2033 nj\u00eb denominacioni t\u00eb caktuar?<\/h5><div class=\"et_pb_toggle_content\"><p>Jo, \u00ebsht\u00eb nd\u00ebrdenominacionale. Fokusi \u00ebsht\u00eb te lavdia e Jezu Krishtit. <\/p>\n<\/div><\/div><div class=\"et_pb_accordion_item_10 et_pb_accordion_item et_pb_toggle et_pb_module et_pb_toggle_close et_block_module\"><h5 class=\"et_pb_toggle_title\">A do t\u00eb kthehet Jezusi n\u00eb vitin 2033?<\/h5><div class=\"et_pb_toggle_content\"><p>Kjo \u00ebsht\u00eb vet\u00ebm n\u00eb duart e Zotit. Ne nuk marrim pjes\u00eb n\u00eb asnj\u00eb spekulim rreth kthimit t\u00eb tij. Detyra jon\u00eb \u00ebsht\u00eb t\u00eb festojm\u00eb dhe t\u00eb d\u00ebshmojm\u00eb p\u00ebr Jezusin.  <\/p>\n<\/div><\/div><\/div><\/div><\/div><\/div>\n","protected":false},"excerpt":{"rendered":"","protected":false},"author":1,"featured_media":0,"parent":0,"menu_order":0,"comment_status":"closed","ping_status":"closed","template":"","meta":{"_acf_changed":false,"footnotes":""},"class_list":["post-2150","page","type-page","status-publish","hentry"],"acf":[],"_links":{"self":[{"href":"https:\/\/sdg2033.bereishit.de\/sq\/wp-json\/wp\/v2\/pages\/2150","targetHints":{"allow":["GET"]}}],"collection":[{"href":"https:\/\/sdg2033.bereishit.de\/sq\/wp-json\/wp\/v2\/pages"}],"about":[{"href":"https:\/\/sdg2033.bereishit.de\/sq\/wp-json\/wp\/v2\/types\/page"}],"author":[{"embeddable":true,"href":"https:\/\/sdg2033.bereishit.de\/sq\/wp-json\/wp\/v2\/users\/1"}],"replies":[{"embeddable":true,"href":"https:\/\/sdg2033.bereishit.de\/sq\/wp-json\/wp\/v2\/comments?post=2150"}],"version-history":[{"count":8,"href":"https:\/\/sdg2033.bereishit.de\/sq\/wp-json\/wp\/v2\/pages\/2150\/revisions"}],"predecessor-version":[{"id":3120,"href":"https:\/\/sdg2033.bereishit.de\/sq\/wp-json\/wp\/v2\/pages\/2150\/revisions\/3120"}],"wp:attachment":[{"href":"https:\/\/sdg2033.bereishit.de\/sq\/wp-json\/wp\/v2\/media?parent=2150"}],"curies":[{"name":"wp","href":"https:\/\/api.w.org\/{rel}","templated":true}]}}