{"id":2094,"date":"2025-10-20T15:40:45","date_gmt":"2025-10-20T13:40:45","guid":{"rendered":"https:\/\/sdg2033.bereishit.de\/festimet-e-mia\/"},"modified":"2026-04-08T22:06:41","modified_gmt":"2026-04-08T20:06:41","slug":"festimet-e-mia","status":"publish","type":"page","link":"https:\/\/sdg2033.bereishit.de\/sq\/festimet-e-mia\/","title":{"rendered":"Festimet e mia"},"content":{"rendered":"\n<div class=\"et_pb_section_0 et_pb_section et_section_regular et_block_section\"><div class=\"et_pb_row_0 et_pb_row et_pb_equal_columns et_pb_gutters1 et_block_row\"><div class=\"et_pb_column_0 et_pb_column et_pb_column_2_5 et_block_column et_pb_css_mix_blend_mode_passthrough\"><div class=\"et_pb_image_0 et_pb_image et_animated et_pb_module et_block_module\"><span class=\"et_pb_image_wrap\"><img loading=\"lazy\" decoding=\"async\" src=\"https:\/\/sdg2033.bereishit.de\/wp-content\/uploads\/2025\/10\/sdg_heart_sp.jpg\" width=\"1024\" height=\"1264\" srcset=\"https:\/\/sdg2033.bereishit.de\/wp-content\/uploads\/2025\/10\/sdg_heart_sp.jpg 1024w, https:\/\/sdg2033.bereishit.de\/wp-content\/uploads\/2025\/10\/sdg_heart_sp-980x1210.jpg 980w, https:\/\/sdg2033.bereishit.de\/wp-content\/uploads\/2025\/10\/sdg_heart_sp-480x593.jpg 480w\" sizes=\"(min-width: 0px) and (max-width: 480px) 480px, (min-width: 481px) and (max-width: 980px) 980px, (min-width: 981px) 1024px, 100vw\" class=\"wp-image-382\" title=\"Soli Deo Gloria 2033\" alt=\"Soli Deo Gloria 2033\" \/><\/span><\/div><\/div><div class=\"et_pb_column_1 et_pb_column et_pb_column_3_5 et-last-child et_block_column et_pb_css_mix_blend_mode_passthrough vertikal-zentrieren\"><div class=\"et_pb_text_0 et_pb_text et_pb_bg_layout_light et_animated et_pb_module et_block_module et_pb_text_align_center preset--module--divi-text--default\"><div class=\"et_pb_text_inner\"><h1>Festimet e mia<\/h1>\n<\/div><\/div><div class=\"et_pb_text_1 et_pb_text et_pb_bg_layout_light et_animated et_pb_module et_block_module et_pb_text_align_center preset--module--divi-text--default\"><div class=\"et_pb_text_inner\"><h2>Soli Deo Gloria 2033<\/h2>\n<\/div><\/div><\/div><\/div><\/div><div class=\"et_pb_section_1 et_pb_section et_section_regular et_block_section\"><div class=\"et_pb_row_1 et_pb_row et_block_row\"><div class=\"et_pb_column_2 et_pb_column et_pb_column_4_4 et-last-child et_block_column et_pb_css_mix_blend_mode_passthrough\"><div class=\"de_form_builder_form_0 de_form_builder_form de_fb_form et_pb_contact de_fb_mid_de-form-builderform-0 has-hide-until-loaded et_pb_module et_flex_module\"><form method=\"POST\" enctype=\"multipart\/form-data\" action=\"\" id=\"fb_form_2094-1\" class=\"et_pb_contact fb_form   hide_until_loaded \"  aria-label=\"Ju lutemi identifikohuni p\u00ebr t\u00eb par\u00eb festimet tuaja\" data-ajax-btn=\"Submitting...\" data-ajax-hide-sub=\"off\" data-reset-form-on-submit=\"false\" data-scrollto-form-after-submit=\"on\" data-scrollto-form-offset=\"100\" data-form-key=\"2094-1\" data-form-id=\"login\" data-form-type=\"login\" data-unique-id=\"login\" data-page-id=\"2094\" style=\"display: none;\"><h2 class=\"form-title\">Ju lutemi identifikohuni p\u00ebr t\u00eb par\u00eb festimet tuaja<\/h2><div class=\"divi-form-wrapper\"><div class=\"dfb-form-fields et_flex_row\" style=\"flex-wrap:wrap;\"><div class=\"de_form_builder_form_field_0 de_form_builder_form_field de_fb_form_field clearfix et_pb_column_4_4 et_flex_column_24_24 et_pb_column grid_et_pb_column_4_4_12 et_flex_column_24_24_tablet et_flex_column_24_24_phone file_align_left et_pb_module\"><div class=\"et_pb_module_inner\">        <div id=\"de_fb_login_name_wrapper\" class=\"field_wrapper search_filter_cont\" data-count=\"100\" role=\"group\" >\n                                    <p class=\"et_pb_contact_field\" data-type=\"input\">\n                    <input type=\"hidden\" name=\"field_title[]\" value=\"Emri i hyrjes\"\/>                    \t\t\n\n\t\t<input type=\"text\"  name=\"de_fb_user_email\" id=\"de_fb_login_name\" data-calc_default=\"0\" placeholder=\"Adresa e email-it *\"   class=\"divi-form-builder-field input-field \" required value=\"\"  data-msg-required=\"This field is required.\" data-required_position=\"bottom\" autocomplete=\"on\" aria-label=\"Emri i hyrjes\" aria-required=\"true\" \/>\n\t\t                <\/p>\n                                <\/div>\n        <\/div><\/div><div class=\"de_form_builder_form_field_1 de_form_builder_form_field de_fb_form_field clearfix et_pb_column_4_4 et_flex_column_24_24 et_pb_column grid_et_pb_column_4_4_12 et_flex_column_24_24_tablet et_flex_column_24_24_phone file_align_left et_pb_module\"><div class=\"et_pb_module_inner\">        <div id=\"de_fb_password_wrapper\" class=\"field_wrapper search_filter_cont\" data-count=\"100\" role=\"group\" >\n                                    <p class=\"et_pb_contact_field\" data-type=\"password\">\n                    <input type=\"hidden\" name=\"field_title[]\" value=\"Fjal\u00ebkalimi\"\/>                    \t\t\n\n\t\t<input type=\"password\"  name=\"de_fb_user_pass\" id=\"de_fb_password\"  placeholder=\"Fjal\u00ebkalimi *\"   class=\"divi-form-builder-field input-field \" required value=\"\"  data-msg-required=\"This field is required.\" data-required_position=\"bottom\" autocomplete=\"on\" aria-label=\"Fjal\u00ebkalimi\" aria-required=\"true\" \/>\n\t\t                <\/p>\n                                <\/div>\n        <\/div><\/div><\/div><\/div><input type=\"hidden\" value=\"https:\/\/sdg2033.bereishit.de\/?page_id=651\" name=\"redirect_url_after_submission\"><input type=\"hidden\" value=\"2094-1\" name=\"form_key\"><input type=\"hidden\" value=\"login\" name=\"unique_id\"><input type=\"hidden\" value=\"off\" name=\"enable_payment\"><input type=\"hidden\" value=\"2094\" name=\"dfb_page_id\"><input type=\"hidden\" name=\"fb_nonce\" class=\"fb_nonce\" value=\"bedeaf701f\"><div class=\"et_contact_bottom_container\"><div class=\"submit-container\"><input type=\"text\" name=\"form_type_confirm\" style=\"display:none!important;\" tabindex=\"-1\" autocomplete=\"off\"><div class=\"de_fb_submit_container et_pb_button_fullwidth\"><div class=\"divi-form-submit-container\"><button class=\"divi-form-submit et_pb_button et_pb_button_fullwidth  et_pb_button_fullwidth\" type=\"submit\" aria-label=\"Submit\">Submit<\/button><\/div><input type=\"hidden\" name=\"form_type\" value=\"login\"><input type=\"hidden\" name=\"divi-form-submit\" value=\"yes\"><input type=\"hidden\" name=\"form_id\" value=\"login\"><input type=\"hidden\" name=\"form_display_type\" value=\"in_page\"><\/div><\/div><\/div><\/form><script>\njQuery(document).ready(function($) {\n    \/\/ Wait for jQuery validation plugin to be loaded\n    if (typeof $.validator === 'undefined') {\n        console.error('jQuery Validation plugin not loaded');\n        return;\n    }\n    \n    let old_url = jQuery.validator.methods.url;\n    \n    jQuery.validator.addMethod('url', function(value, element) {\n        if (old_url.call(this, value, element)) {\n            return true;\n        }\n        \n        if (value && !value.startsWith('http:\/\/') && !value.startsWith('https:\/\/')) {\n            return old_url.call(this, 'http:\/\/' + value, element);\n        }\n        \n        return false;\n    }, \"Please enter a valid URL\");\n\n    (function($){\n    var trim = function(s){ return (s || '').trim(); };\n    $.validator.methods.email = function (value, element) {\n        if (this.optional(element)) return true;\n        var v = trim(value);\n        return \/^[^\\s@]+@([^\\s@]+\\.)+[^\\s@]{2,}$\/.test(v);\n    };\n    })(jQuery);\n\n    $.validator.setDefaults({\n        highlight: function(element) {\n            $(element).addClass('input-error');\n            $(element).closest('.et_pb_contact_field').addClass('input-field-error');\n        },\n        unhighlight: function(element) {\n            $(element).removeClass('input-error');\n            $(element).removeAttr('aria-describedby');\n            $(element).closest('.et_pb_contact_field').removeClass('input-field-error');\n            $(element).closest('.et_pb_contact_field').find('label.error').remove();\n        }\n    });\n\n    $('#fb_form_2094-1').validate({\n        normalizer: function(value) {\n            return $.trim(value);\n        },\n        errorPlacement: function(error, element) {\n            var fieldId = element.attr('id');\n            var errorId = fieldId ? fieldId + '_error' : null;\n            if (errorId) {\n                error.attr('id', errorId).attr('role', 'alert').attr('aria-live', 'polite');\n                element.attr('aria-describedby', errorId);\n            }\n            var message_position = element.attr('data-required_position');\n            if ( message_position == 'top' ) {\n                element.before(error);\n            } else {\n                element.after(error);\n            }\n        }\n    });\n\n    if ($('.de_fb_autocomplete').length > 0 && typeof init_autocomplete_fields == 'function') {\n        init_autocomplete_fields();\n    }\n});\n\nif ( window.history.replaceState ) {\n  window.history.replaceState( null, null, window.location.href );\n}\n\nif ( typeof form_grid_columns === 'function' ) {\n    form_grid_columns();\n}\n<\/script>\n        <\/div><div class=\"et_pb_text_2 et_pb_text et_pb_bg_layout_light et_pb_module et_block_module et_pb_text_align_center preset--module--divi-text--default\"><div class=\"et_pb_text_inner\"><p>Nuk keni nj\u00eb llogari?  <a href=\"https:\/\/sdg2033.bereishit.de\/sq\/regjistrohu\/\">Regjistrohu k\u00ebtu.<\/a><\/p>\n<\/div><\/div><\/div><\/div><\/div>\n","protected":false},"excerpt":{"rendered":"","protected":false},"author":1,"featured_media":0,"parent":0,"menu_order":0,"comment_status":"closed","ping_status":"closed","template":"","meta":{"_acf_changed":false,"footnotes":""},"class_list":["post-2094","page","type-page","status-publish","hentry"],"acf":[],"_links":{"self":[{"href":"https:\/\/sdg2033.bereishit.de\/sq\/wp-json\/wp\/v2\/pages\/2094","targetHints":{"allow":["GET"]}}],"collection":[{"href":"https:\/\/sdg2033.bereishit.de\/sq\/wp-json\/wp\/v2\/pages"}],"about":[{"href":"https:\/\/sdg2033.bereishit.de\/sq\/wp-json\/wp\/v2\/types\/page"}],"author":[{"embeddable":true,"href":"https:\/\/sdg2033.bereishit.de\/sq\/wp-json\/wp\/v2\/users\/1"}],"replies":[{"embeddable":true,"href":"https:\/\/sdg2033.bereishit.de\/sq\/wp-json\/wp\/v2\/comments?post=2094"}],"version-history":[{"count":8,"href":"https:\/\/sdg2033.bereishit.de\/sq\/wp-json\/wp\/v2\/pages\/2094\/revisions"}],"predecessor-version":[{"id":3154,"href":"https:\/\/sdg2033.bereishit.de\/sq\/wp-json\/wp\/v2\/pages\/2094\/revisions\/3154"}],"wp:attachment":[{"href":"https:\/\/sdg2033.bereishit.de\/sq\/wp-json\/wp\/v2\/media?parent=2094"}],"curies":[{"name":"wp","href":"https:\/\/api.w.org\/{rel}","templated":true}]}}