{"id":1337,"date":"2025-10-20T12:09:53","date_gmt":"2025-10-20T10:09:53","guid":{"rendered":"https:\/\/sdg2033.bereishit.de\/freunde\/"},"modified":"2026-04-08T22:06:24","modified_gmt":"2026-04-08T20:06:24","slug":"freunde","status":"publish","type":"page","link":"https:\/\/sdg2033.bereishit.de\/de\/freunde\/","title":{"rendered":"Freunde"},"content":{"rendered":"<div class=\"et_pb_section_0 et_pb_section et_section_regular et_block_section\"><div class=\"et_pb_row_0 et_pb_row et_pb_equal_columns et_pb_gutters1 et_block_row\"><div class=\"et_pb_column_0 et_pb_column et_pb_column_2_5 et_block_column et_pb_css_mix_blend_mode_passthrough\"><div class=\"et_pb_image_0 et_pb_image et_animated et_pb_module et_block_module\"><span class=\"et_pb_image_wrap\"><img loading=\"lazy\" decoding=\"async\" src=\"https:\/\/sdg2033.bereishit.de\/wp-content\/uploads\/2025\/10\/sdg_heart_sp.jpg\" width=\"1024\" height=\"1264\" srcset=\"https:\/\/sdg2033.bereishit.de\/wp-content\/uploads\/2025\/10\/sdg_heart_sp.jpg 1024w, https:\/\/sdg2033.bereishit.de\/wp-content\/uploads\/2025\/10\/sdg_heart_sp-980x1210.jpg 980w, https:\/\/sdg2033.bereishit.de\/wp-content\/uploads\/2025\/10\/sdg_heart_sp-480x593.jpg 480w\" sizes=\"(min-width: 0px) and (max-width: 480px) 480px, (min-width: 481px) and (max-width: 980px) 980px, (min-width: 981px) 1024px, 100vw\" class=\"wp-image-382\" title=\"Soli Deo Gloria 2033\" alt=\"Soli Deo Gloria 2033\" \/><\/span><\/div><\/div><div class=\"et_pb_column_1 et_pb_column et_pb_column_3_5 et-last-child et_block_column et_pb_css_mix_blend_mode_passthrough vertikal-zentrieren\"><div class=\"et_pb_text_0 et_pb_text et_pb_bg_layout_light et_animated et_pb_module et_block_module et_pb_text_align_center preset--module--divi-text--default\"><div class=\"et_pb_text_inner\"><h1>Freunde<\/h1>\n<\/div><\/div><div class=\"et_pb_text_1 et_pb_text et_pb_bg_layout_light et_animated et_pb_module et_block_module et_pb_text_align_center preset--module--divi-text--default\"><div class=\"et_pb_text_inner\"><h2>Soli Deo Gloria 2033<\/h2>\n<\/div><\/div><\/div><\/div><\/div><div class=\"et_pb_section_1 et_pb_section et_section_regular et_block_section\"><div class=\"et_pb_row_1 et_pb_row et_pb_equal_columns et_block_row\"><div class=\"et_pb_column_2 et_pb_column et_pb_column_1_2 et_block_column et_pb_css_mix_blend_mode_passthrough\"><div class=\"et_pb_blurb_0 et_pb_blurb et_pb_bg_layout_light et_pb_text_align_center et_pb_blurb_position_top et_pb_module et_block_module\"><div class=\"et_pb_blurb_content\"><div class=\"et_pb_main_blurb_image\"><span class=\"et_pb_image_wrap et_pb_only_image_mode_wrap\"><img loading=\"lazy\" decoding=\"async\" src=\"https:\/\/sdg2033.bereishit.de\/wp-content\/uploads\/2026\/01\/Botrus-1.jpg\" width=\"200\" height=\"240\" srcset=\"https:\/\/sdg2033.bereishit.de\/wp-content\/uploads\/2026\/01\/Botrus-1.jpg 200w\" sizes=\"(max-width: 200px) 100vw, 200px\" class=\"et_animated wp-image-2721\" alt=\"Dr. Peirong Lin\" \/><\/span><\/div><div class=\"et_pb_blurb_container\"><h4 class=\"et_pb_module_header\">Rev. Adv. Botrus Mansour <\/h4><div class=\"et_pb_blurb_description\"><p><strong>  Weltweite Evangelische Allianz<br \/>Generalsekret\u00e4r<\/strong><\/p>\n<\/div><\/div><\/div><\/div><div class=\"et_pb_text_2 et_pb_text et_pb_bg_layout_light et_animated et_pb_module et_block_module et_pb_text_align_center preset--module--divi-text--default\"><div class=\"et_pb_text_inner\"><p>Wir freuen uns sehr \u00fcber dieses Fest und ich rufe Sie dazu auf, Ihren Namen in dieser virtuellen Weltkarte einzutragen, damit wir unsere Einheit in Christus sichtbar machen k\u00f6nnen. Und beten Sie daf\u00fcr, dass das Evangelium bis 2033 die ganze Welt erreicht. Gott segne Sie.  <\/p>\n<\/div><\/div><\/div><div class=\"et_pb_column_3 et_pb_column et_pb_column_1_2 et-last-child et_block_column et_pb_css_mix_blend_mode_passthrough\"><div class=\"et_pb_blurb_1 et_pb_blurb et_pb_bg_layout_light et_pb_text_align_center et_pb_blurb_position_top et_pb_module et_block_module\"><div class=\"et_pb_blurb_content\"><div class=\"et_pb_main_blurb_image\"><span class=\"et_pb_image_wrap et_pb_only_image_mode_wrap\"><img loading=\"lazy\" decoding=\"async\" src=\"https:\/\/sdg2033.bereishit.de\/wp-content\/uploads\/2026\/01\/Reinhard-Schink.jpg\" width=\"200\" height=\"240\" srcset=\"https:\/\/sdg2033.bereishit.de\/wp-content\/uploads\/2026\/01\/Reinhard-Schink.jpg 200w\" sizes=\"(max-width: 200px) 100vw, 200px\" class=\"et_animated wp-image-2738\" alt=\"Pfr. Dr. Frank Hinkelmann\" \/><\/span><\/div><div class=\"et_pb_blurb_container\"><h4 class=\"et_pb_module_header\">Dr. Reinhard Schink<\/h4><div class=\"et_pb_blurb_description\"><p><strong>Evangelische Allianz Deutschland<br \/><\/strong><strong>Generalsekret\u00e4r<\/strong><\/p>\n<p><strong><\/strong><\/p>\n<\/div><\/div><\/div><\/div><div class=\"et_pb_text_3 et_pb_text et_pb_bg_layout_light et_animated et_pb_module et_block_module et_pb_text_align_center preset--module--divi-text--default\"><div class=\"et_pb_text_inner\"><p>Wir sind es doch gewohnt, wenn wir zu einer Geburtstagsfeier eingeladen sind, auch zuzusagen. Die einfachste M\u00f6glichkeit, zuzusagen ist: Tragt Euch auf der Webpage ein, sagt \u201eIch nehme daran teil.\u201c Seid damit ein Zeuge daf\u00fcr, dass Jesus auferstanden ist. <\/p>\n<\/div><\/div><\/div><\/div><div class=\"et_pb_row_2 et_pb_row et_pb_equal_columns et_block_row\"><div class=\"et_pb_column_4 et_pb_column et_pb_column_1_2 et_block_column et_pb_css_mix_blend_mode_passthrough\"><div class=\"et_pb_blurb_2 et_pb_blurb et_pb_bg_layout_light et_pb_text_align_center et_pb_blurb_position_top et_pb_module et_block_module\"><div class=\"et_pb_blurb_content\"><div class=\"et_pb_main_blurb_image\"><span class=\"et_pb_image_wrap et_pb_only_image_mode_wrap\"><img loading=\"lazy\" decoding=\"async\" src=\"https:\/\/sdg2033.bereishit.de\/wp-content\/uploads\/2025\/10\/Dr.-Peirong-Lin-_200.jpg\" width=\"200\" height=\"240\" srcset=\"https:\/\/sdg2033.bereishit.de\/wp-content\/uploads\/2025\/10\/Dr.-Peirong-Lin-_200.jpg 200w\" sizes=\"(max-width: 200px) 100vw, 200px\" class=\"et_animated wp-image-625\" alt=\"Dr. Peirong Lin\" \/><\/span><\/div><div class=\"et_pb_blurb_container\"><h4 class=\"et_pb_module_header\">Dr. Peirong Lin<\/h4><div class=\"et_pb_blurb_description\"><p><strong> Weltweite Evangelische Allianz<br \/>stellvertretender Generalsekret\u00e4r<\/strong><\/p>\n<\/div><\/div><\/div><\/div><div class=\"et_pb_text_4 et_pb_text et_pb_bg_layout_light et_animated et_pb_module et_block_module et_pb_text_align_center preset--module--divi-text--default\"><div class=\"et_pb_text_inner\"><p>Wir glauben, dass Soli Deo Gloria 2033 ein weltweiter Aufruf zur Anbetung, zur Einheit und zum Zeugnis sein kann. Wir freuen uns darauf, uns gemeinsam zu bewegen, zu beten, zu planen und uns vorzubereiten. Das Jahr 2033 kommt, aber es beginnt heute.  <\/p>\n<\/div><\/div><\/div><div class=\"et_pb_column_5 et_pb_column et_pb_column_1_2 et-last-child et_block_column et_pb_css_mix_blend_mode_passthrough\"><div class=\"et_pb_blurb_3 et_pb_blurb et_pb_bg_layout_light et_pb_text_align_center et_pb_blurb_position_top et_pb_module et_block_module\"><div class=\"et_pb_blurb_content\"><div class=\"et_pb_main_blurb_image\"><span class=\"et_pb_image_wrap et_pb_only_image_mode_wrap\"><img loading=\"lazy\" decoding=\"async\" src=\"https:\/\/sdg2033.bereishit.de\/wp-content\/uploads\/2026\/01\/Frank-Hinkelmann.jpg\" width=\"200\" height=\"240\" srcset=\"https:\/\/sdg2033.bereishit.de\/wp-content\/uploads\/2026\/01\/Frank-Hinkelmann.jpg 200w\" sizes=\"(max-width: 200px) 100vw, 200px\" class=\"et_animated wp-image-2728\" alt=\"Pfr. Dr. Frank Hinkelmann\" \/><\/span><\/div><div class=\"et_pb_blurb_container\"><h4 class=\"et_pb_module_header\">Pfr. Dr. Frank Hinkelmann<\/h4><div class=\"et_pb_blurb_description\"><p><strong>Europ\u00e4ische Evangelische Allianz<br \/>Pr\u00e4sident bis 2025<\/strong><strong> <\/strong><\/p>\n<p><strong><\/strong><\/p>\n<\/div><\/div><\/div><\/div><div class=\"et_pb_text_5 et_pb_text et_pb_bg_layout_light et_animated et_pb_module et_block_module et_pb_text_align_center preset--module--divi-text--default\"><div class=\"et_pb_text_inner\"><p>Wir m\u00f6chten Menschen auf der ganzen Welt einladen, an dieser Initiative mit dem Namen 'Soli Deo Gloria 2033' teilzunehmen. Es w\u00e4re toll, wenn auch Sie sich daran beteiligen k\u00f6nnten. <\/p>\n<\/div><\/div><\/div><\/div><div class=\"et_pb_row_3 et_pb_row et_pb_equal_columns et_block_row\"><div class=\"et_pb_column_6 et_pb_column et_pb_column_1_2 et_block_column et_pb_css_mix_blend_mode_passthrough\"><div class=\"et_pb_blurb_4 et_pb_blurb et_pb_bg_layout_light et_pb_text_align_center et_pb_blurb_position_top et_pb_module et_block_module\"><div class=\"et_pb_blurb_content\"><div class=\"et_pb_main_blurb_image\"><span class=\"et_pb_image_wrap et_pb_only_image_mode_wrap\"><img loading=\"lazy\" decoding=\"async\" src=\"https:\/\/sdg2033.bereishit.de\/wp-content\/uploads\/2025\/10\/Olivier-Fleury-_200.jpg\" width=\"200\" height=\"240\" srcset=\"https:\/\/sdg2033.bereishit.de\/wp-content\/uploads\/2025\/10\/Olivier-Fleury-_200.jpg 200w\" sizes=\"(max-width: 200px) 100vw, 200px\" class=\"et_animated wp-image-626\" alt=\"Olivier Fleury\" \/><\/span><\/div><div class=\"et_pb_blurb_container\"><h4 class=\"et_pb_module_header\">Olivier Fleury<\/h4><div class=\"et_pb_blurb_description\"><p><strong>JC2033<\/strong><br \/><strong>Gr\u00fcnder<\/strong><\/p>\n<\/div><\/div><\/div><\/div><div class=\"et_pb_text_6 et_pb_text et_pb_bg_layout_light et_animated et_pb_module et_block_module et_pb_text_align_center preset--module--divi-text--default\"><div class=\"et_pb_text_inner\"><p>Wir haben das gleiche Ziel: Jesus die Ehre geben und sicherstellen, dass alle zusammenkommen und die Welt erreichen.<\/p>\n<\/div><\/div><\/div><div class=\"et_pb_column_7 et_pb_column et_pb_column_1_2 et-last-child et_block_column et_pb_css_mix_blend_mode_passthrough\"><div class=\"et_pb_blurb_5 et_pb_blurb et_pb_bg_layout_light et_pb_text_align_center et_pb_blurb_position_top et_pb_module et_block_module\"><div class=\"et_pb_blurb_content\"><div class=\"et_pb_main_blurb_image\"><span class=\"et_pb_image_wrap et_pb_only_image_mode_wrap\"><img loading=\"lazy\" decoding=\"async\" src=\"https:\/\/sdg2033.bereishit.de\/wp-content\/uploads\/2025\/10\/Markus-Rode-_200.jpg\" width=\"200\" height=\"240\" srcset=\"https:\/\/sdg2033.bereishit.de\/wp-content\/uploads\/2025\/10\/Markus-Rode-_200.jpg 200w\" sizes=\"(max-width: 200px) 100vw, 200px\" class=\"et_animated wp-image-628\" alt=\"Markus Rode\" \/><\/span><\/div><div class=\"et_pb_blurb_container\"><h4 class=\"et_pb_module_header\">Markus Rode<\/h4><div class=\"et_pb_blurb_description\"><p><strong>Open Doors<br \/>Direktor Deutschland<\/strong><\/p>\n<\/div><\/div><\/div><\/div><div class=\"et_pb_text_7 et_pb_text et_pb_bg_layout_light et_animated et_pb_module et_block_module et_pb_text_align_center preset--module--divi-text--default\"><div class=\"et_pb_text_inner\"><p>Seit 2.000 Jahren gibt es Verfolgung um Jesu Namen willen. Mehr als 360 Millionen Christen, die derzeit schwere Verfolgung erleiden, weil sie sich zu Jesus bekennen, sind ein Zeugnis f\u00fcr die Kraft der Auferstehung. Lasst uns an diesem Tag auch ihrer im Gebet gedenken, denn sie sehnen sich nach der Wiederkehr Christi.  <\/p>\n<\/div><\/div><\/div><\/div><div class=\"et_pb_row_4 et_pb_row et_pb_equal_columns et_block_row\"><div class=\"et_pb_column_8 et_pb_column et_pb_column_1_2 et_block_column et_pb_css_mix_blend_mode_passthrough\"><div class=\"et_pb_blurb_6 et_pb_blurb et_pb_bg_layout_light et_pb_text_align_center et_pb_blurb_position_top et_pb_module et_block_module\"><div class=\"et_pb_blurb_content\"><div class=\"et_pb_main_blurb_image\"><span class=\"et_pb_image_wrap et_pb_only_image_mode_wrap\"><img loading=\"lazy\" decoding=\"async\" src=\"https:\/\/sdg2033.bereishit.de\/wp-content\/uploads\/2025\/10\/anonym.jpg\" width=\"200\" height=\"240\" srcset=\"https:\/\/sdg2033.bereishit.de\/wp-content\/uploads\/2025\/10\/anonym.jpg 200w\" sizes=\"(max-width: 200px) 100vw, 200px\" class=\"et_animated wp-image-627\" \/><\/span><\/div><div class=\"et_pb_blurb_container\"><h4 class=\"et_pb_module_header\">Anonymer Gemeindegr\u00fcnder<\/h4><div class=\"et_pb_blurb_description\"><p><strong>Nordindien<\/strong><\/p>\n<\/div><\/div><\/div><\/div><div class=\"et_pb_text_8 et_pb_text et_pb_bg_layout_light et_animated et_pb_module et_block_module et_pb_text_align_center preset--module--divi-text--default\"><div class=\"et_pb_text_inner\"><p>Ich ermutige Sie, zu beten und sich hinter diese unglaubliche Bewegung zu stellen. In der Ewigkeit werden Sie so froh sein, dass Sie das getan haben.<\/p>\n<\/div><\/div><\/div><div class=\"et_pb_column_9 et_pb_column et_pb_column_1_2 et-last-child et_block_column et_pb_css_mix_blend_mode_passthrough\"><div class=\"et_pb_blurb_7 et_pb_blurb et_pb_bg_layout_light et_pb_text_align_center et_pb_blurb_position_top et_pb_module et_block_module\"><div class=\"et_pb_blurb_content\"><div class=\"et_pb_main_blurb_image\"><span class=\"et_pb_image_wrap et_pb_only_image_mode_wrap\"><img loading=\"lazy\" decoding=\"async\" src=\"https:\/\/sdg2033.bereishit.de\/wp-content\/uploads\/2025\/10\/Pastor-Kokole-Idringi-_200.jpg\" width=\"200\" height=\"240\" srcset=\"https:\/\/sdg2033.bereishit.de\/wp-content\/uploads\/2025\/10\/Pastor-Kokole-Idringi-_200.jpg 200w\" sizes=\"(max-width: 200px) 100vw, 200px\" class=\"et_animated wp-image-629\" alt=\"Pastor Kokole Idring&#039;i\" \/><\/span><\/div><div class=\"et_pb_blurb_container\"><h4 class=\"et_pb_module_header\">Pastor Kokole Idring&#039;i<\/h4><div class=\"et_pb_blurb_description\"><p><strong>Evangelische CECA20 Kirche<\/strong><br \/><strong>Pr\u00e4sident, Kongo<\/strong><\/p>\n<\/div><\/div><\/div><\/div><div class=\"et_pb_text_9 et_pb_text et_pb_bg_layout_light et_animated et_pb_module et_block_module et_pb_text_align_center preset--module--divi-text--default\"><div class=\"et_pb_text_inner\"><p>Ich, Kocole Idring'i Jean-Pierre, feiere die Auferstehung Jesu Christi, denn sie ist meine Hoffnung auf ewiges Leben. Durch die Auferstehung ist Jesus mit Macht zum Sohn Gottes erkl\u00e4rt worden, gem\u00e4\u00df R\u00f6mer 1,4. Durch dieselbe Auferstehung hat Jesus endg\u00fcltig die Welt, den Satan und alle seine Anh\u00e4nger besiegt.<\/p>\n<\/div><\/div><\/div><\/div><\/div>","protected":false},"excerpt":{"rendered":"","protected":false},"author":1,"featured_media":0,"parent":0,"menu_order":0,"comment_status":"closed","ping_status":"closed","template":"","meta":{"_acf_changed":false,"footnotes":""},"class_list":["post-1337","page","type-page","status-publish","hentry"],"acf":[],"_links":{"self":[{"href":"https:\/\/sdg2033.bereishit.de\/de\/wp-json\/wp\/v2\/pages\/1337","targetHints":{"allow":["GET"]}}],"collection":[{"href":"https:\/\/sdg2033.bereishit.de\/de\/wp-json\/wp\/v2\/pages"}],"about":[{"href":"https:\/\/sdg2033.bereishit.de\/de\/wp-json\/wp\/v2\/types\/page"}],"author":[{"embeddable":true,"href":"https:\/\/sdg2033.bereishit.de\/de\/wp-json\/wp\/v2\/users\/1"}],"replies":[{"embeddable":true,"href":"https:\/\/sdg2033.bereishit.de\/de\/wp-json\/wp\/v2\/comments?post=1337"}],"version-history":[{"count":22,"href":"https:\/\/sdg2033.bereishit.de\/de\/wp-json\/wp\/v2\/pages\/1337\/revisions"}],"predecessor-version":[{"id":3143,"href":"https:\/\/sdg2033.bereishit.de\/de\/wp-json\/wp\/v2\/pages\/1337\/revisions\/3143"}],"wp:attachment":[{"href":"https:\/\/sdg2033.bereishit.de\/de\/wp-json\/wp\/v2\/media?parent=1337"}],"curies":[{"name":"wp","href":"https:\/\/api.w.org\/{rel}","templated":true}]}}