{"id":1307,"date":"2025-10-20T10:56:05","date_gmt":"2025-10-20T08:56:05","guid":{"rendered":"https:\/\/sdg2033.bereishit.de\/verbinden\/"},"modified":"2026-04-08T22:06:15","modified_gmt":"2026-04-08T20:06:15","slug":"verbinden","status":"publish","type":"page","link":"https:\/\/sdg2033.bereishit.de\/de\/verbinden\/","title":{"rendered":"Vernetzen"},"content":{"rendered":"<div class=\"et_pb_section_0 et_pb_section et_section_regular et_block_section\"><div class=\"et_pb_row_0 et_pb_row et_pb_equal_columns et_pb_gutters1 et_block_row\"><div class=\"et_pb_column_0 et_pb_column et_pb_column_2_5 et_block_column et_pb_css_mix_blend_mode_passthrough\"><div class=\"et_pb_image_0 et_pb_image et_animated et_pb_module et_block_module\"><span class=\"et_pb_image_wrap\"><img loading=\"lazy\" decoding=\"async\" src=\"https:\/\/sdg2033.bereishit.de\/wp-content\/uploads\/2025\/10\/sdg_heart_sp.jpg\" width=\"1024\" height=\"1264\" srcset=\"https:\/\/sdg2033.bereishit.de\/wp-content\/uploads\/2025\/10\/sdg_heart_sp.jpg 1024w, https:\/\/sdg2033.bereishit.de\/wp-content\/uploads\/2025\/10\/sdg_heart_sp-980x1210.jpg 980w, https:\/\/sdg2033.bereishit.de\/wp-content\/uploads\/2025\/10\/sdg_heart_sp-480x593.jpg 480w\" sizes=\"(min-width: 0px) and (max-width: 480px) 480px, (min-width: 481px) and (max-width: 980px) 980px, (min-width: 981px) 1024px, 100vw\" class=\"wp-image-382\" title=\"Soli Deo Gloria 2033\" alt=\"Soli Deo Gloria 2033\" \/><\/span><\/div><\/div><div class=\"et_pb_column_1 et_pb_column et_pb_column_3_5 et-last-child et_block_column et_pb_css_mix_blend_mode_passthrough vertikal-zentrieren\"><div class=\"et_pb_text_0 et_pb_text et_pb_bg_layout_light et_animated et_pb_module et_block_module et_pb_text_align_center preset--module--divi-text--default\"><div class=\"et_pb_text_inner\"><h1>Vernetzen<\/h1>\n<\/div><\/div><div class=\"et_pb_text_1 et_pb_text et_pb_bg_layout_light et_animated et_pb_module et_block_module et_pb_text_align_center preset--module--divi-text--default\"><div class=\"et_pb_text_inner\"><h2>Soli Deo Gloria 2033<\/h2>\n<\/div><\/div><\/div><\/div><\/div><div class=\"et_pb_section_1 et_pb_section et_section_regular et_block_section\"><div class=\"et_pb_row_1 et_pb_row et_pb_equal_columns et_block_row\" id=\"pray\"><div class=\"et_pb_column_2 et_pb_column et_pb_column_1_2 et_block_column et_pb_css_mix_blend_mode_passthrough\"><div class=\"et_pb_blurb_0 et_pb_blurb et_pb_bg_layout_light et_pb_text_align_center et_pb_blurb_position_top et_pb_module et_block_module\"><div class=\"et_pb_blurb_content\"><div class=\"et_pb_main_blurb_image\"><span class=\"et_pb_image_wrap\"><span class=\"et-pb-icon et_animated et_animated\">\uf684<\/span><\/span><\/div><div class=\"et_pb_blurb_container\"><h4 class=\"et_pb_module_header\">Beten<\/h4><div class=\"et_pb_blurb_description\"><p>Bitte bete daf\u00fcr, dass SDG2033 ein Werkzeug in Gottes Hand ist, um die Feier 2033 so gro\u00df wie m\u00f6glich zu machen - nur zu SEINER Ehre.<br \/>Wenn du an einer Gebetsgruppe interessiert sind, <a href=\"#contact\">lass es uns wissen.<\/a><\/p>\n<\/div><\/div><\/div><\/div><\/div><div class=\"et_pb_column_3 et_pb_column et_pb_column_1_2 et-last-child et_block_column et_pb_css_mix_blend_mode_passthrough\"><div class=\"et_pb_blurb_1 et_pb_blurb et_pb_bg_layout_light et_pb_text_align_center et_pb_blurb_position_top et_pb_module et_block_module\"><div class=\"et_pb_blurb_content\"><div class=\"et_pb_main_blurb_image\"><span class=\"et_pb_image_wrap\"><span class=\"et-pb-icon et_animated et_animated\">\uf0a1<\/span><\/span><\/div><div class=\"et_pb_blurb_container\"><h4 class=\"et_pb_module_header\">Teilen<\/h4><div class=\"et_pb_blurb_description\"><p>Teile die Idee jetzt. Fordere deine Freunde weltweit auf, sich ebenfalls der Initiative anzuschlie\u00dfen, damit die Welt sieht, wie viele Gl\u00e4ubige an den auferstandenen Herrn Jesus es wirklich gibt. <\/p>\n<\/div><\/div><\/div><\/div><\/div><\/div><div class=\"et_pb_row_2 et_pb_row et_pb_equal_columns et_block_row\" id=\"involve\"><div class=\"et_pb_column_4 et_pb_column et_pb_column_1_2 et_block_column et_pb_css_mix_blend_mode_passthrough\"><div class=\"et_pb_blurb_2 et_pb_blurb et_pb_bg_layout_light et_pb_text_align_center et_pb_blurb_position_top et_pb_module et_block_module\"><div class=\"et_pb_blurb_content\"><div class=\"et_pb_main_blurb_image\"><span class=\"et_pb_image_wrap\"><span class=\"et-pb-icon et_animated et_animated\">\uf4be<\/span><\/span><\/div><div class=\"et_pb_blurb_container\"><h4 class=\"et_pb_module_header\">Spenden<\/h4><div class=\"et_pb_blurb_description\"><p>Wenn du helfen m\u00f6chtest, die Idee weltweit sichtbarer Feiern von \u00b4Soli Deo Gloria 2033\u00b4 zu verbreiten, hilf bitte mit deiner Spende, die Kosten f\u00fcr diese global t\u00e4tige Initiative zu decken.<\/p>\n<p>Bitte denk dar\u00fcber nach, einmalig oder regelm\u00e4\u00dfig einen Betrag wie z.B. 20,33\u20ac, 203,30\u20ac oder sogar 2033\u20ac zu spenden, um uns zu helfen, das zu erf\u00fcllen, wozu der Herr uns berufen hat.<\/p>\n<\/div><\/div><\/div><\/div><div class=\"et_pb_toggle_0 et_pb_toggle et_pb_toggle_item et_pb_toggle_close et_pb_module et_block_module\"><h5 class=\"et_pb_toggle_title\">Bankkonto &amp; PayPal<\/h5><div class=\"et_pb_toggle_content clearfix\"><p><strong>Unser aktuelles Bankkonto<\/strong><\/p>\n<p>VisioM e.V.<br \/>IBAN: DE29 5139 0000 0066 5786 07<br \/>BIC: VBMHDE5FXXX<br \/>Verwendungszweck: \u201eProjekt 2033\u201c<\/p>\n<p>  <div class=\"paypal-donation-box\" style=\"text-align:left; margin: 0em 0;\">\n      <form id=\"paypalSpende\" action=\"https:\/\/www.paypal.com\/cgi-bin\/webscr\" method=\"post\" target=\"_blank\" style=\"display:inline-block; margin-top:0em;\">\n      <input type=\"hidden\" name=\"cmd\" value=\"_s-xclick\">\n      <input type=\"hidden\" name=\"hosted_button_id\" value=\"Y7PGUNZX7QQWC\">\n      <input type=\"image\" src=\"https:\/\/sdg2033.bereishit.de\/wp-content\/uploads\/2025\/10\/paypal-button.jpg\" \n             alt=\"Donate now via PayPal\" \n             name=\"submit\" \n             style=\"border: none; max-width: 220px; height: auto; cursor: pointer;\">\n      <img loading=\"lazy\" decoding=\"async\" alt=\"\" border=\"0\" src=\"https:\/\/www.paypalobjects.com\/de_DE\/i\/scr\/pixel.gif\" width=\"1\" height=\"1\">\n    <\/form>\n  <\/div>\n  <br \/>Unterst\u00fctzen Sie SDG2033 via Paypal.<br \/>(Sie k\u00f6nnen gern auch anfallende Geb\u00fchren \u00fcbernehmen).<\/p>\n<p>Spenden sind in Deutschland zu 20 % steuerlich absetzbar.<\/p>\n<\/div><\/div><\/div><div class=\"et_pb_column_5 et_pb_column et_pb_column_1_2 et-last-child et_block_column et_pb_css_mix_blend_mode_passthrough\"><div class=\"et_pb_blurb_3 et_pb_blurb et_pb_bg_layout_light et_pb_text_align_center et_pb_blurb_position_top et_pb_module et_block_module\" id=\"involve\"><div class=\"et_pb_blurb_content\"><div class=\"et_pb_main_blurb_image\"><span class=\"et_pb_image_wrap\"><span class=\"et-pb-icon et_animated et_animated\">\uf4ce<\/span><\/span><\/div><div class=\"et_pb_blurb_container\"><h4 class=\"et_pb_module_header\">Engagieren Sie sich<\/h4><div class=\"et_pb_blurb_description\"><p>Bitte denk dar\u00fcber nach, selbst Teil der Initiative zu werden, indem du Teil des globalen Teams wirst oder deine eigene nationale oder regionale Initiative gr\u00fcndest.<br \/><a href=\"https:\/\/sdg2033.bereishit.de\/de\/teilnehmen\/\">Sprich uns an<\/a>, wenn du das als deine m\u00f6gliche Berufung empfindest.<\/p>\n<\/div><\/div><\/div><\/div><\/div><\/div><div class=\"et_pb_row_3 et_pb_row et_block_row\" id=\"contact\"><div class=\"et_pb_column_6 et_pb_column et_pb_column_4_4 et-last-child et_block_column et_pb_css_mix_blend_mode_passthrough\"><div class=\"et_pb_text_2 et_pb_text et_pb_bg_layout_light et_animated et_pb_module et_block_module et_pb_text_align_center preset--module--divi-text--default\"><div class=\"et_pb_text_inner\"><h2>Kontakt<\/h2>\n<\/div><\/div><div class=\"de_form_builder_form_0 de_form_builder_form de_fb_form et_pb_contact de_fb_mid_de-form-builderform-0 has-hide-until-loaded et_pb_module et_flex_module\"><form method=\"POST\" enctype=\"multipart\/form-data\" action=\"\" id=\"fb_form_1307-1\" class=\"et_pb_contact fb_form   hide_until_loaded \"  aria-label=\"Kontakt\" data-ajax-btn=\"Arbeitet...\" data-ajax-hide-sub=\"on\" data-reset-form-on-submit=\"false\" data-scrollto-form-after-submit=\"on\" data-scrollto-form-offset=\"100\" data-form-key=\"1307-1\" data-form-id=\"Contact\" data-form-type=\"contact\" data-unique-id=\"Contact\" data-page-id=\"1307\" style=\"display: none;\"><h2 class=\"form-title\">Kontakt<\/h2><div class=\"divi-form-wrapper\"><div class=\"dfb-form-fields et_flex_row\" style=\"flex-wrap:wrap;\"><div class=\"de_form_builder_form_field_0 de_form_builder_form_field de_fb_form_field clearfix et_pb_column_4_4 et_flex_column_24_24 et_pb_column grid_et_pb_column_4_4_12 et_flex_column_24_24_tablet et_flex_column_24_24_phone file_align_left et_pb_module\"><div class=\"et_pb_module_inner\">        <div id=\"de_fb_first_name_wrapper\" class=\"field_wrapper search_filter_cont\" data-count=\"100\" role=\"group\" >\n                                    <p class=\"et_pb_contact_field\" data-type=\"input\">\n                    <input type=\"hidden\" name=\"field_title[]\" value=\"Vorname\"\/><input type=\"hidden\" name=\"field_name[]\" value=\"de_fb_first_name\"\/><input type=\"hidden\" name=\"field_id[]\" value=\"de_fb_first_name\"\/>                    \t\t\n\n\t\t<input type=\"text\"  name=\"de_fb_first_name\" id=\"de_fb_first_name\" data-calc_default=\"0\" placeholder=\"Vorname *\"   class=\"divi-form-builder-field input-field \" required value=\"\"  data-msg-required=\"This field is required.\" data-required_position=\"bottom\" autocomplete=\"on\" aria-label=\"Vorname\" aria-required=\"true\" \/>\n\t\t                <\/p>\n                                <\/div>\n        <\/div><\/div><div class=\"de_form_builder_form_field_1 de_form_builder_form_field de_fb_form_field clearfix et_pb_column_4_4 et_flex_column_24_24 et_pb_column grid_et_pb_column_4_4_12 et_flex_column_24_24_tablet et_flex_column_24_24_phone file_align_left et_pb_module\"><div class=\"et_pb_module_inner\">        <div id=\"de_fb_last_name_wrapper\" class=\"field_wrapper search_filter_cont\" data-count=\"100\" role=\"group\" >\n                                    <p class=\"et_pb_contact_field\" data-type=\"input\">\n                    <input type=\"hidden\" name=\"field_title[]\" value=\"Nachname\"\/><input type=\"hidden\" name=\"field_name[]\" value=\"de_fb_last_name\"\/><input type=\"hidden\" name=\"field_id[]\" value=\"de_fb_last_name\"\/>                    \t\t\n\n\t\t<input type=\"text\"  name=\"de_fb_last_name\" id=\"de_fb_last_name\" data-calc_default=\"0\" placeholder=\"Nachname *\"   class=\"divi-form-builder-field input-field \" required value=\"\"  data-msg-required=\"This field is required.\" data-required_position=\"bottom\" autocomplete=\"on\" aria-label=\"Nachname\" aria-required=\"true\" \/>\n\t\t                <\/p>\n                                <\/div>\n        <\/div><\/div><div class=\"de_form_builder_form_field_2 de_form_builder_form_field de_fb_form_field clearfix et_pb_column_4_4 et_flex_column_24_24 et_pb_column grid_et_pb_column_4_4_12 et_flex_column_24_24_tablet et_flex_column_24_24_phone file_align_left et_pb_module\"><div class=\"et_pb_module_inner\">        <div id=\"de_fb_email_wrapper\" class=\"field_wrapper search_filter_cont\" data-count=\"100\" role=\"group\" >\n                                    <p class=\"et_pb_contact_field\" data-type=\"email\">\n                    <input type=\"hidden\" name=\"field_title[]\" value=\"E-Mail Adresse\"\/><input type=\"hidden\" name=\"field_name[]\" value=\"de_fb_email\"\/><input type=\"hidden\" name=\"field_id[]\" value=\"de_fb_email\"\/>                    \t\t\n\n\t\t<input type=\"email\"  name=\"de_fb_email\" id=\"de_fb_email\"  placeholder=\"E-Mail *\"   class=\"divi-form-builder-field input-field \" required value=\"\"  data-msg-required=\"This field is required.\" data-required_position=\"bottom\" data-rule-minlength=\"5\" data-msg-minlength=\"Your input is too short.\" data-msg-email=\"Please input correct email address.\" autocomplete=\"on\" aria-label=\"E-Mail Adresse\" aria-required=\"true\" \/>\n\t\t                <\/p>\n                                <\/div>\n        <\/div><\/div><div class=\"de_form_builder_form_field_3 de_form_builder_form_field de_fb_form_field clearfix et_pb_column_4_4 et_flex_column_24_24 et_pb_column grid_et_pb_column_4_4_12 et_flex_column_24_24_tablet et_flex_column_24_24_phone file_align_left et_pb_module\"><div class=\"et_pb_module_inner\">        <div id=\"de_fb_message_wrapper\" class=\"field_wrapper search_filter_cont\" data-count=\"100\" role=\"group\" >\n                                    <p class=\"et_pb_contact_field\" data-type=\"text\">\n                    <input type=\"hidden\" name=\"field_title[]\" value=\"Nachricht\"\/><input type=\"hidden\" name=\"field_name[]\" value=\"de_fb_message\"\/><input type=\"hidden\" name=\"field_id[]\" value=\"de_fb_message\"\/>                    \t\t<textarea name=\"de_fb_message\" id=\"de_fb_message\" class=\"divi-form-builder-field textarea-field\" required placeholder=\"Ihre Nachricht *\" rows=\"8\"   data-msg-required=\"This field is required.\" data-required_position=\"bottom\" autocomplete=\"on\" aria-label=\"Nachricht\" aria-required=\"true\"><\/textarea>\n\t\t                <\/p>\n                                <\/div>\n        <\/div><\/div><\/div><\/div><input type=\"hidden\" value=\"1307-1\" name=\"form_key\"><input type=\"hidden\" value=\"Contact\" name=\"unique_id\"><input type=\"hidden\" value=\"off\" name=\"enable_payment\"><input type=\"hidden\" value=\"1307\" name=\"dfb_page_id\"><input type=\"hidden\" name=\"fb_nonce\" class=\"fb_nonce\" value=\"0b9c12d5d8\"><div class=\"et_contact_bottom_container\"><div class=\"submit-container\"><input type=\"text\" name=\"form_type_confirm\" style=\"display:none!important;\" tabindex=\"-1\" autocomplete=\"off\"><div class=\"de_fb_submit_container et_pb_button_fullwidth\"><div class=\"divi-form-submit-container\"><button class=\"divi-form-submit et_pb_button et_pb_button_fullwidth de_fb_ajax_submit et_pb_button_fullwidth\" type=\"submit\" aria-label=\"Nachricht senden\">Nachricht senden<\/button><\/div><input type=\"hidden\" name=\"form_type\" value=\"contact\"><input type=\"hidden\" name=\"divi-form-submit\" value=\"yes\"><input type=\"hidden\" name=\"form_id\" value=\"Contact\"><input type=\"hidden\" name=\"form_display_type\" value=\"in_page\"><\/div><\/div><\/div><\/form><script>\n(typeof jQuery !== 'undefined' ? function(cb){ jQuery(document).ready(function(){ cb(jQuery); }); } : function(){ \/* jQuery missing: skip jQuery-dependent init *\/ })(function($){\n    if ($('.message_success').length > 0) {\n        $('#fb_form_1307-1 .form-title').addClass('hidethis');\n        $('#fb_form_1307-1 .df_progressbar_container').addClass('hidethis');\n        $('#fb_form_1307-1 .divi-form-wrapper').addClass('hidethis');\n        $('#fb_form_1307-1 .submit-container').addClass('hidethis');\n        $('#fb_form_1307-1 .bloom_subscribe').addClass('hidethis');\n        $('#fb_form_1307-1 .de_fb_payment_area').addClass('hidethis');\n    }\n});\n<\/script>\n            <script>\njQuery(document).ready(function($) {\n    \/\/ Wait for jQuery validation plugin to be loaded\n    if (typeof $.validator === 'undefined') {\n        console.error('jQuery Validation plugin not loaded');\n        return;\n    }\n    \n    let old_url = jQuery.validator.methods.url;\n    \n    jQuery.validator.addMethod('url', function(value, element) {\n        if (old_url.call(this, value, element)) {\n            return true;\n        }\n        \n        if (value && !value.startsWith('http:\/\/') && !value.startsWith('https:\/\/')) {\n            return old_url.call(this, 'http:\/\/' + value, element);\n        }\n        \n        return false;\n    }, \"Please enter a valid URL\");\n\n    (function($){\n    var trim = function(s){ return (s || '').trim(); };\n    $.validator.methods.email = function (value, element) {\n        if (this.optional(element)) return true;\n        var v = trim(value);\n        return \/^[^\\s@]+@([^\\s@]+\\.)+[^\\s@]{2,}$\/.test(v);\n    };\n    })(jQuery);\n\n    $.validator.setDefaults({\n        highlight: function(element) {\n            $(element).addClass('input-error');\n            $(element).closest('.et_pb_contact_field').addClass('input-field-error');\n        },\n        unhighlight: function(element) {\n            $(element).removeClass('input-error');\n            $(element).removeAttr('aria-describedby');\n            $(element).closest('.et_pb_contact_field').removeClass('input-field-error');\n            $(element).closest('.et_pb_contact_field').find('label.error').remove();\n        }\n    });\n\n    $('#fb_form_1307-1').validate({\n        normalizer: function(value) {\n            return $.trim(value);\n        },\n        errorPlacement: function(error, element) {\n            var fieldId = element.attr('id');\n            var errorId = fieldId ? fieldId + '_error' : null;\n            if (errorId) {\n                error.attr('id', errorId).attr('role', 'alert').attr('aria-live', 'polite');\n                element.attr('aria-describedby', errorId);\n            }\n            var message_position = element.attr('data-required_position');\n            if ( message_position == 'top' ) {\n                element.before(error);\n            } else {\n                element.after(error);\n            }\n        }\n    });\n\n    if ($('.de_fb_autocomplete').length > 0 && typeof init_autocomplete_fields == 'function') {\n        init_autocomplete_fields();\n    }\n});\n\nif ( window.history.replaceState ) {\n  window.history.replaceState( null, null, window.location.href );\n}\n\nif ( typeof form_grid_columns === 'function' ) {\n    form_grid_columns();\n}\n<\/script>\n        <\/div><\/div><\/div><\/div>","protected":false},"excerpt":{"rendered":"","protected":false},"author":1,"featured_media":0,"parent":0,"menu_order":0,"comment_status":"closed","ping_status":"closed","template":"","meta":{"_acf_changed":false,"footnotes":""},"class_list":["post-1307","page","type-page","status-publish","hentry"],"acf":[],"_links":{"self":[{"href":"https:\/\/sdg2033.bereishit.de\/de\/wp-json\/wp\/v2\/pages\/1307","targetHints":{"allow":["GET"]}}],"collection":[{"href":"https:\/\/sdg2033.bereishit.de\/de\/wp-json\/wp\/v2\/pages"}],"about":[{"href":"https:\/\/sdg2033.bereishit.de\/de\/wp-json\/wp\/v2\/types\/page"}],"author":[{"embeddable":true,"href":"https:\/\/sdg2033.bereishit.de\/de\/wp-json\/wp\/v2\/users\/1"}],"replies":[{"embeddable":true,"href":"https:\/\/sdg2033.bereishit.de\/de\/wp-json\/wp\/v2\/comments?post=1307"}],"version-history":[{"count":14,"href":"https:\/\/sdg2033.bereishit.de\/de\/wp-json\/wp\/v2\/pages\/1307\/revisions"}],"predecessor-version":[{"id":3137,"href":"https:\/\/sdg2033.bereishit.de\/de\/wp-json\/wp\/v2\/pages\/1307\/revisions\/3137"}],"wp:attachment":[{"href":"https:\/\/sdg2033.bereishit.de\/de\/wp-json\/wp\/v2\/media?parent=1307"}],"curies":[{"name":"wp","href":"https:\/\/api.w.org\/{rel}","templated":true}]}}